{"id":162,"date":"2014-01-30T21:06:22","date_gmt":"2014-01-30T20:06:22","guid":{"rendered":"http:\/\/torben-lindstrom.com\/?page_id=162"},"modified":"2020-01-21T00:40:38","modified_gmt":"2020-01-20T23:40:38","slug":"contact","status":"publish","type":"page","link":"https:\/\/torben-lindstrom.com\/?page_id=162","title":{"rendered":"Contact &#038; Resum\u00e9"},"content":{"rendered":"<p>Email:<br \/>\nnebrotlindstrom@gmail.com<\/p>\n<p>Phone:<br \/>\n+4673 824 65 75<\/p>\n<p>Adress:<br \/>\nNobelv\u00e4gen 121D<br \/>\n21433 Malm\u00f6<br \/>\nSweden<\/p>\n<p>My Resum\u00e9:<\/p>\n<p><a href=\"http:\/\/torben-lindstrom.com\/wp-content\/uploads\/2020\/01\/Torben-Lindstr\u00f6m-Resum\u00e9.pdf\"><img loading=\"lazy\" class=\"alignnone wp-image-297\" src=\"http:\/\/torben-lindstrom.com\/wp-content\/uploads\/2014\/01\/pdf-download-icon.png\" alt=\"pdf-download-icon\" width=\"138\" height=\"138\" srcset=\"https:\/\/torben-lindstrom.com\/wp-content\/uploads\/2014\/01\/pdf-download-icon.png 300w, https:\/\/torben-lindstrom.com\/wp-content\/uploads\/2014\/01\/pdf-download-icon-150x150.png 150w\" sizes=\"(max-width: 138px) 100vw, 138px\" \/><\/a><\/p>\n<p>My Linkedin:<\/p>\n<p><a style=\"line-height: 1.4em;\" href=\"https:\/\/www.linkedin.com\/in\/torben-lindstr%C3%B6m-a3b40472\" target=\"_blank\"><img loading=\"lazy\" class=\"alignnone wp-image-299\" src=\"http:\/\/torben-lindstrom.com\/wp-content\/uploads\/2014\/04\/LinkedIn-logo-008.png\" alt=\"LinkedIn-logo-008\" width=\"144\" height=\"131\" srcset=\"https:\/\/torben-lindstrom.com\/wp-content\/uploads\/2014\/04\/LinkedIn-logo-008.png 460w, https:\/\/torben-lindstrom.com\/wp-content\/uploads\/2014\/04\/LinkedIn-logo-008-300x275.png 300w\" sizes=\"(max-width: 144px) 100vw, 144px\" \/><\/a><\/p>\n","protected":false},"excerpt":{"rendered":"<p>Email: nebrotlindstrom@gmail.com Phone: +4673 824 65 75 Adress: Nobelv\u00e4gen 121D 21433 Malm\u00f6 Sweden My Resum\u00e9: My Linkedin: &hellip; <a class=\"more-link\" href=\"https:\/\/torben-lindstrom.com\/?page_id=162\">Continue reading <span class=\"meta-nav\">&rarr;<\/span><\/a><\/p>\n","protected":false},"author":1,"featured_media":0,"parent":0,"menu_order":3,"comment_status":"closed","ping_status":"open","template":"","meta":[],"_links":{"self":[{"href":"https:\/\/torben-lindstrom.com\/index.php?rest_route=\/wp\/v2\/pages\/162"}],"collection":[{"href":"https:\/\/torben-lindstrom.com\/index.php?rest_route=\/wp\/v2\/pages"}],"about":[{"href":"https:\/\/torben-lindstrom.com\/index.php?rest_route=\/wp\/v2\/types\/page"}],"author":[{"embeddable":true,"href":"https:\/\/torben-lindstrom.com\/index.php?rest_route=\/wp\/v2\/users\/1"}],"replies":[{"embeddable":true,"href":"https:\/\/torben-lindstrom.com\/index.php?rest_route=%2Fwp%2Fv2%2Fcomments&post=162"}],"version-history":[{"count":25,"href":"https:\/\/torben-lindstrom.com\/index.php?rest_route=\/wp\/v2\/pages\/162\/revisions"}],"predecessor-version":[{"id":166,"href":"https:\/\/torben-lindstrom.com\/index.php?rest_route=\/wp\/v2\/pages\/162\/revisions\/166"}],"wp:attachment":[{"href":"https:\/\/torben-lindstrom.com\/index.php?rest_route=%2Fwp%2Fv2%2Fmedia&parent=162"}],"curies":[{"name":"wp","href":"https:\/\/api.w.org\/{rel}","templated":true}]}}